{"id":22462,"date":"2016-08-17T00:38:42","date_gmt":"2016-08-16T22:38:42","guid":{"rendered":"https:\/\/update.thefox.pl\/10-key-reasons-invest-poland\/"},"modified":"2019-11-14T13:48:24","modified_gmt":"2019-11-14T12:48:24","slug":"10-raisons-dinvestir-dans-limmobilier-en-pologne","status":"publish","type":"page","link":"https:\/\/update.thefox.pl\/fr\/10-raisons-dinvestir-dans-limmobilier-en-pologne\/","title":{"rendered":"10 raisons d&#8217;investir dans l&#8217;immobilier en Pologne"},"content":{"rendered":"<p>[vc_row bg_type=&#8221;image&#8221; parallax_style=&#8221;vcpb-default&#8221; bg_image_new=&#8221;id^19500|url^http:\/\/update.thefox.pl\/wp-content\/uploads\/2016\/08\/reason-to-invest-in-poland.jpg|caption^Invest Poland|alt^Invest Poland|title^Invest Poland|description^null&#8221; bg_img_attach=&#8221;fixed&#8221; bg_override=&#8221;ex-full&#8221; css=&#8221;.vc_custom_1471433894189{margin-bottom: 0px !important;padding-top: 60px !important;padding-bottom: 60px !important;background-color: #e5e5e5 !important;}&#8221; animation_type=&#8221;h&#8221; horizontal_animation=&#8221;left-animation&#8221; vertical_animation=&#8221;top-animation&#8221;][vc_column][ultimate_spacer height=&#8221;50&#8243;][ult_animation_block animation=&#8221;flipInX&#8221; animation_duration=&#8221;0.5&#8243; animation_delay=&#8221;0.5&#8243; animation_iteration_count=&#8221;1&#8243;][ultimate_heading main_heading_color=&#8221;#888987&#8243; sub_heading_color=&#8221;#ffffff&#8221; main_heading_font_family=&#8221;font_family:Lato|font_call:Lato&#8221; main_heading_style=&#8221;font-weight:700;&#8221; main_heading_font_size=&#8221;desktop:45px;&#8221; sub_heading_font_family=&#8221;font_family:Latofont_call:Lato|variant:regular&#8221; sub_heading_font_size=&#8221;desktop:60px;&#8221; sub_heading_margin=&#8221;margin-top:20px;margin-bottom:px;&#8221;]<\/p>\n<h1><span style=\"color: #ffffff;\"><strong>Pourquoi investir dans l&#8217;immobilier en Pologne?<br \/>\n<\/strong><\/span><\/h1>\n<h1><strong>\u00a0<\/strong><\/h1>\n<p>[\/ultimate_heading][\/ult_animation_block][ultimate_spacer height=&#8221;50&#8243;][\/vc_column][\/vc_row][vc_row bg_type=&#8221;bg_color&#8221; bg_override=&#8221;full&#8221; css=&#8221;.vc_custom_1515507234203{margin-bottom: 0px !important;}&#8221; animation_type=&#8221;h&#8221; horizontal_animation=&#8221;left-animation&#8221; vertical_animation=&#8221;top-animation&#8221; bg_color_value=&#8221;#eeeeee&#8221; el_id=&#8221;invest&#8221;][vc_column][ultimate_spacer height=&#8221;30&#8243;][ult_animation_block animation=&#8221;fadeInDown&#8221; animation_duration=&#8221;0.7&#8243; animation_delay=&#8221;0.5&#8243; animation_iteration_count=&#8221;1&#8243;][ultimate_heading main_heading_color=&#8221;#ffffff&#8221; sub_heading_color=&#8221;#888987&#8243; main_heading_margin=&#8221;margin-bottom:0px;&#8221; main_heading_font_family=&#8221;font_family:Lato|font_call:Lato|variant:700&#8243; main_heading_style=&#8221;font-weight:700;&#8221; main_heading_font_size=&#8221;desktop:56px;&#8221; sub_heading_font_family=&#8221;font_family:Lato|font_call:Lato&#8221; sub_heading_style=&#8221;font-weight:300;&#8221; sub_heading_font_size=&#8221;desktop:24px;&#8221; sub_heading_margin=&#8221;margin-bottom:40px;&#8221; el_class=&#8221;#investir&#8221;]<\/p>\n<p style=\"text-align: center;\">10 raisons d\u2019investir <strong>d\u00e8s maintenant<\/strong> dans l\u2019immobilier en Pologne<\/p>\n<p>[\/ultimate_heading][\/ult_animation_block][vc_row_inner][vc_column_inner width=&#8221;1\/2&#8243;][info_list position=&#8221;right&#8221; icon_color=&#8221;#e97415&#8243; font_size_icon=&#8221;24&#8243; icon_border_style=&#8221;dotted&#8221; icon_border_size=&#8221;2&#8243; border_color=&#8221;#e97415&#8243; connector_color=&#8221;#eeeeee&#8221; connector_animation=&#8221;fadeInUp&#8221;][info_list_item list_title=&#8221;Un retour sur investissement de 8 \u00e0 15 ans&#8221; list_icon=&#8221;Defaults-signal&#8221;]Gr\u00e2ce \u00e0 notre expertise, nous vous proposons des projets immobiliers avec un retour sur investissement compris entre 8 et 15 ans\u00a0<em>(contrat de location standard\u00a0: de 6 mois \u00e0 1 an renouvelable)<\/em>[\/info_list_item][info_list_item list_title=&#8221;Fort d\u00e9veloppement des infrastructures&#8221; list_icon=&#8221;Defaults-train&#8221;]R\u00e9cemment \u0141\u00f3d\u017a a d\u00e9bloqu\u00e9 par moins d\u20191,250 milliards d\u2019euros (5 milliards PLN) pour l&#8217;EXPO 2022, avec pour objectif de r\u00e9inventer la ville et d\u00e9velopper son centre.[\/info_list_item][info_list_item list_title=&#8221;Frais de notaire pour l&#8217;achat d\u2019un bien neuf : 1 %&#8221; list_icon=&#8221;Defaults-gavel legal&#8221;]Les frais de notaires en Pologne pour l\u2019achat d\u2019un bien neuf sont de l\u2019ordre de 1% de la valeur immobili\u00e8re.[\/info_list_item][info_list_item list_title=&#8221;Frais de notaire pour l&#8217;achat d\u2019un bien ancien : 3 %&#8221; list_icon=&#8221;Defaults-gavel legal&#8221;]Les frais de notaires en Pologne pour l\u2019achat d\u2019un bien ancien sont de l\u2019ordre de 3% de la valeur immobili\u00e8re\u00a0<em>(taxes sur les transactions immobili\u00e8res de 2% et acte notari\u00e9\u00a0de 1%).<\/em>[\/info_list_item][info_list_item list_title=&#8221;Contrat de location flexible&#8221; list_icon=&#8221;Defaults-gavel legal&#8221;]Le locataire est tenu de respecter un certain nombre de r\u00e8gles et conditions \u00e9tablies dans le contrat de bail. Si ces r\u00e8gles ne sont pas respect\u00e9es ou si le locataire utilise le logement de mani\u00e8re inappropri\u00e9e, alors le bailleur peut r\u00e9silier le contrat. Le bien est ainsi prot\u00e9g\u00e9.[\/info_list_item][\/info_list][\/vc_column_inner][vc_column_inner width=&#8221;1\/2&#8243;][info_list icon_color=&#8221;#e97415&#8243; font_size_icon=&#8221;24&#8243; icon_border_style=&#8221;dotted&#8221; icon_border_size=&#8221;2&#8243; border_color=&#8221;#e97415&#8243; connector_color=&#8221;#eeeeee&#8221;][info_list_item list_title=&#8221;Imp\u00f4ts sur le revenu locatif : 8,5 %&#8221; list_icon=&#8221;Defaults-sliders&#8221;]L\u2019imp\u00f4t sur le revenu locatif en Pologne est de\u00a08,5 % pour les logements et les commerces.[\/info_list_item][info_list_item list_title=&#8221;Taxe fonci\u00e8re : seulement 0,20 \u20ac\/m\u00b2 \u00e0 l&#8217;ann\u00e9e&#8221; list_icon=&#8221;Defaults-file-text-o&#8221;]La taxe fonci\u00e8re en Pologne est particuli\u00e8rement faible : seulement 0,20 \u20ac\/m<sup>2<\/sup> par ann\u00e9e (0,75pln\/m<sup>2<\/sup>) pour les logements et 5,50 \u20ac\/m<sup>2<\/sup> par ann\u00e9e (22,86pln \/m<sup>2<\/sup>) pour les commerces.[\/info_list_item][info_list_item list_title=&#8221;Financement&#8221; list_icon=&#8221;Defaults-bank institution university&#8221;]Le financement est possible par les banques situ\u00e9es en Pologne avec 2 conditions: l&#8217;emprunteur doit avoir des revenues en Pologne, ou il doit avoir la nationalit\u00e9 polonaise.[\/info_list_item][info_list_item list_title=&#8221;Un prix au m\u00b2 attractif&#8221; list_icon=&#8221;Defaults-bar-chart bar-chart-o&#8221;]\u00c0 \u0141\u00f3d\u017a, il est possible d\u2019acqu\u00e9rir un bien ancien \u00e0 partir de 850\u20ac\/m\u00b2 et un bien neuf \u00e0 partir de 1\u00a0250\u20ac\/m\u00b2. \u00c0 Varsovie, les prix d\u2019un bien ancien ou neuf commencent respectivement \u00e0 1\u00a0500\u20ac\/m\u00b2 et 2\u00a0000\u20ac\/m\u00b2.[\/info_list_item][info_list_item list_title=&#8221;D\u00e9coration et am\u00e9nagement \u00e0 faible co\u00fbt &#8221; list_icon=&#8221;Defaults-codepen&#8221;]Afin de disposer d\u2019un bien correspondant aux attentes des locataires, nos partenaires vous proposent 4 offres de d\u00e9coration et d\u2019am\u00e9nagement pour un r\u00e9sultat coup de c\u0153ur <em>(offres \u00e0 partir de 150\u20ac\/m\u00b2).<\/em>[\/info_list_item][\/info_list][\/vc_column_inner][\/vc_row_inner][ultimate_spacer height=&#8221;60&#8243;][\/vc_column][\/vc_row][vc_row bg_type=&#8221;image&#8221; parallax_style=&#8221;vcpb-default&#8221; bg_image_new=&#8221;id^22412|url^http:\/\/update.thefox.pl\/wp-content\/uploads\/2017\/08\/pragua-2-4-1.png|caption^null|alt^null|title^pragua-2-4|description^null&#8221; bg_image_repeat=&#8221;no-repeat&#8221; bg_override=&#8221;full&#8221; css=&#8221;.vc_custom_1515523601337{margin-bottom: 0px !important;padding-top: 120px !important;}&#8221; animation_type=&#8221;h&#8221; horizontal_animation=&#8221;left-animation&#8221; vertical_animation=&#8221;top-animation&#8221; el_class=&#8221;img-text1&#8243;][vc_column][spacer height=&#8221;60&#8243;][ultimate_heading main_heading=&#8221;Investir dans l&#8217;immobilier locatif en Pologne&#8221; main_heading_color=&#8221;#ffffff&#8221; heading_tag=&#8221;h1&#8243; sub_heading_color=&#8221;#ffffff&#8221; main_heading_margin=&#8221;margin-bottom:20px;&#8221; main_heading_font_family=&#8221;font_family:Lato|font_call:Lato|variant:700&#8243; main_heading_style=&#8221;font-weight:700;&#8221; main_heading_font_size=&#8221;desktop:40px;&#8221; sub_heading_font_family=&#8221;font_family:Lato|font_call:Lato|variant:regular&#8221; sub_heading_style=&#8221;font-weight:normal;font-style:normal;&#8221; sub_heading_font_size=&#8221;desktop:19px;&#8221; sub_heading_margin=&#8221;margin-bottom:0px;&#8221;][\/ultimate_heading][ult_buttons btn_title=&#8221;Voir nos derni\u00e8res offres d&#8217;investissements &#8221; btn_link=&#8221;url:https%3A%2F%2Fbuyapartmentpoland.com%2F||target:%20_blank|&#8221; btn_align=&#8221;ubtn-center&#8221; btn_size=&#8221;ubtn-custom&#8221; btn_width=&#8221;500&#8243; btn_height=&#8221;60&#8243; btn_title_color=&#8221;#9e9e9e&#8221; btn_bg_color=&#8221;rgba(255,255,255,0.81)&#8221; btn_title_color_hover=&#8221;#b5b5b5&#8243; icon_size=&#8221;32&#8243; btn_icon_pos=&#8221;ubtn-sep-icon-at-left&#8221; btn_border_style=&#8221;solid&#8221; btn_color_border=&#8221;#afafaf&#8221; btn_border_size=&#8221;1&#8243; btn_radius=&#8221;3&#8243; btn_font_size=&#8221;desktop:20px;&#8221;][spacer height=&#8221;140&#8243;][\/vc_column][\/vc_row][vc_row css=&#8221;.vc_custom_1467659253114{margin-bottom: 0px !important;}&#8221; animation_type=&#8221;h&#8221; horizontal_animation=&#8221;left-animation&#8221; vertical_animation=&#8221;top-animation&#8221;][\/vc_row][vc_column][\/vc_column][ult_animation_block animation=&#8221;flipInX&#8221; animation_duration=&#8221;0.5&#8243; animation_delay=&#8221;0.5&#8243; animation_iteration_count=&#8221;1&#8243;][ultimate_heading main_heading_color=&#8221;#888987&#8243; sub_heading_color=&#8221;#888987&#8243; main_heading_font_family=&#8221;font_family:Lato|font_call:Lato&#8221; main_heading_style=&#8221;font-weight:700;&#8221; main_heading_font_size=&#8221;desktop:40px;&#8221; sub_heading_font_family=&#8221;font_family:Latofont_call:Lato|variant:regular&#8221; sub_heading_font_size=&#8221;desktop:45px;&#8221; sub_heading_margin=&#8221;margin-top:30px;margin-bottom:0px;&#8221;]<\/p>\n<h1>Nos partenaires<\/h1>\n<p>[\/ultimate_heading][vc_wp_text]<div class=\"lshowcase-clear-both\">&nbsp;<\/div><div class=\"lshowcase-logos\"><div  ><div class='lshowcase-box-9 '><div class=\"lshowcase-wrap-responsive\"><div class=\"lshowcase-boxInner\"><img src='https:\/\/update.thefox.pl\/wp-content\/uploads\/2017\/08\/20624283_1199039303574791_1303588234_n.png' width='150'  height = '100'  alt='Bouygues Immobilier Polska' title='' class='lshowcase-hover-grayscale'  \/><\/div><\/div><\/div><div class='lshowcase-box-9 ls-partner-homepage '><div class=\"lshowcase-wrap-responsive\"><div class=\"lshowcase-boxInner\"><img src='https:\/\/update.thefox.pl\/wp-content\/uploads\/2018\/01\/buy-logo-a_2x-200x139.png' width='200'  height = '139'  alt='Buyapart' title='' class='lshowcase-hover-grayscale'  \/><\/div><\/div><\/div><div class='lshowcase-box-9 ls-partner-homepage '><div class=\"lshowcase-wrap-responsive\"><div class=\"lshowcase-boxInner\"><img src='https:\/\/update.thefox.pl\/wp-content\/uploads\/2017\/07\/20624293_1199043146907740_1474010140_n.png' width='100'  height = '80'  alt='Firma Godna Zaufania' title='' class='lshowcase-hover-grayscale'  \/><\/div><\/div><\/div><div class='lshowcase-box-9 ls-partner-homepage '><div class=\"lshowcase-wrap-responsive\"><div class=\"lshowcase-boxInner\"><img src='https:\/\/update.thefox.pl\/wp-content\/uploads\/2016\/05\/rentflatpoland_vector-500-200x75.png' width='200'  height = '75'  alt='rentflatPOLAND' title='' class='lshowcase-hover-grayscale' style='height:auto; max-width:100%;padding-right:20px;padding-left:20px;' \/><\/div><\/div><\/div><\/div><\/div><div class=\"lshowcase-clear-both\">&nbsp;<\/div>[\/vc_wp_text][\/ult_animation_block]<\/p>\n","protected":false},"excerpt":{"rendered":"<p>[vc_row bg_type=&#8221;image&#8221; parallax_style=&#8221;vcpb-default&#8221; bg_image_new=&#8221;id^19500|url^http:\/\/update.thefox.pl\/wp-content\/uploads\/2016\/08\/reason-to-invest-in-poland.jpg|caption^Invest Poland|alt^Invest Poland|title^Invest Poland|description^null&#8221; bg_img_attach=&#8221;fixed&#8221; bg_override=&#8221;ex-full&#8221; css=&#8221;.vc_custom_1471433894189{margin-bottom: 0px !important;padding-top: 60px !important;padding-bottom: 60px !important;background-color: #e5e5e5 !important;}&#8221; animation_type=&#8221;h&#8221; horizontal_animation=&#8221;left-animation&#8221; vertical_animation=&#8221;top-animation&#8221;][vc_column][ultimate_spacer height=&#8221;50&#8243;][ult_animation_block animation=&#8221;flipInX&#8221; animation_duration=&#8221;0.5&#8243; animation_delay=&#8221;0.5&#8243; animation_iteration_count=&#8221;1&#8243;][ultimate_heading main_heading_color=&#8221;#888987&#8243; sub_heading_color=&#8221;#ffffff&#8221; main_heading_font_family=&#8221;font_family:Lato|font_call:Lato&#8221; main_heading_style=&#8221;font-weight:700;&#8221; main_heading_font_size=&#8221;desktop:45px;&#8221; sub_heading_font_family=&#8221;font_family:Latofont_call:Lato|variant:regular&#8221; sub_heading_font_size=&#8221;desktop:60px;&#8221; sub_heading_margin=&#8221;margin-top:20px;margin-bottom:px;&#8221;] Pourquoi investir dans l&#8217;immobilier en Pologne? \u00a0 [\/ultimate_heading][\/ult_animation_block][ultimate_spacer height=&#8221;50&#8243;][\/vc_column][\/vc_row][vc_row bg_type=&#8221;bg_color&#8221; bg_override=&#8221;full&#8221; css=&#8221;.vc_custom_1515507234203{margin-bottom: 0px !important;}&#8221; animation_type=&#8221;h&#8221; horizontal_animation=&#8221;left-animation&#8221; vertical_animation=&#8221;top-animation&#8221; bg_color_value=&#8221;#eeeeee&#8221; el_id=&#8221;invest&#8221;][vc_column][ultimate_spacer height=&#8221;30&#8243;][ult_animation_block animation=&#8221;fadeInDown&#8221; [&hellip;]<\/p>\n","protected":false},"author":1,"featured_media":22518,"parent":0,"menu_order":0,"comment_status":"closed","ping_status":"closed","template":"","meta":[],"yoast_head":"<!-- This site is optimized with the Yoast SEO plugin v15.2.1 - https:\/\/yoast.com\/wordpress\/plugins\/seo\/ -->\n<title>10 raisons d&#039;investir dans l&#039;immobilier en Pologne - Fox Property Investment Group<\/title>\n<meta name=\"description\" content=\"Vous souhaitez investir dans l&#039;immobilier en Pologne? La Pologne offre de nombreux avantages pour les personnes qui investissent dans l&#039;immobilier notamment avec une imposition faible, la protection du propri\u00e9taire dans la locatif, des frais de notaire pour l&#039;achat d\u2019un bien neuf \u00e0 1 %. Et bien plus!\" \/>\n<meta name=\"robots\" content=\"index, follow, max-snippet:-1, max-image-preview:large, max-video-preview:-1\" \/>\n<link rel=\"canonical\" href=\"https:\/\/update.thefox.pl\/fr\/10-raisons-dinvestir-dans-limmobilier-en-pologne\/\" \/>\n<meta property=\"og:locale\" content=\"fr_FR\" \/>\n<meta property=\"og:type\" content=\"article\" \/>\n<meta property=\"og:title\" content=\"10 raisons d&#039;investir dans l&#039;immobilier en Pologne - Fox Property Investment Group\" \/>\n<meta property=\"og:description\" content=\"Vous souhaitez investir dans l&#039;immobilier en Pologne? La Pologne offre de nombreux avantages pour les personnes qui investissent dans l&#039;immobilier notamment avec une imposition faible, la protection du propri\u00e9taire dans la locatif, des frais de notaire pour l&#039;achat d\u2019un bien neuf \u00e0 1 %. Et bien plus!\" \/>\n<meta property=\"og:url\" content=\"https:\/\/update.thefox.pl\/fr\/10-raisons-dinvestir-dans-limmobilier-en-pologne\/\" \/>\n<meta property=\"og:site_name\" content=\"Fox Property Investment Group\" \/>\n<meta property=\"article:modified_time\" content=\"2019-11-14T12:48:24+00:00\" \/>\n<meta property=\"og:image\" content=\"https:\/\/update.thefox.pl\/wp-content\/uploads\/2018\/01\/Screen-Shot-2018-01-09-at-19.59.34.png\" \/>\n\t<meta property=\"og:image:width\" content=\"1734\" \/>\n\t<meta property=\"og:image:height\" content=\"1134\" \/>\n<meta name=\"twitter:card\" content=\"summary\" \/>\n<meta name=\"twitter:label1\" content=\"\u00c9crit par\">\n\t<meta name=\"twitter:data1\" content=\"Foxproperty\">\n\t<meta name=\"twitter:label2\" content=\"Dur\u00e9e de lecture est.\">\n\t<meta name=\"twitter:data2\" content=\"5 minutes\">\n<script type=\"application\/ld+json\" class=\"yoast-schema-graph\">{\"@context\":\"https:\/\/schema.org\",\"@graph\":[{\"@type\":\"Organization\",\"@id\":\"https:\/\/update.thefox.pl\/#organization\",\"name\":\"Fox Property Investment Group\",\"url\":\"https:\/\/update.thefox.pl\/\",\"sameAs\":[],\"logo\":{\"@type\":\"ImageObject\",\"@id\":\"https:\/\/update.thefox.pl\/#logo\",\"inLanguage\":\"fr-FR\",\"url\":\"https:\/\/update.thefox.pl\/wp-content\/uploads\/2016\/05\/fox-property-investment-group-new.jpg\",\"width\":992,\"height\":340,\"caption\":\"Fox Property Investment Group\"},\"image\":{\"@id\":\"https:\/\/update.thefox.pl\/#logo\"}},{\"@type\":\"WebSite\",\"@id\":\"https:\/\/update.thefox.pl\/#website\",\"url\":\"https:\/\/update.thefox.pl\/\",\"name\":\"Fox Property Investment Group\",\"description\":\"\",\"publisher\":{\"@id\":\"https:\/\/update.thefox.pl\/#organization\"},\"potentialAction\":[{\"@type\":\"SearchAction\",\"target\":\"https:\/\/update.thefox.pl\/?s={search_term_string}\",\"query-input\":\"required name=search_term_string\"}],\"inLanguage\":\"fr-FR\"},{\"@type\":\"ImageObject\",\"@id\":\"https:\/\/update.thefox.pl\/fr\/10-raisons-dinvestir-dans-limmobilier-en-pologne\/#primaryimage\",\"inLanguage\":\"fr-FR\",\"url\":\"https:\/\/update.thefox.pl\/wp-content\/uploads\/2018\/01\/Screen-Shot-2018-01-09-at-19.59.34.png\",\"width\":1734,\"height\":1134},{\"@type\":\"WebPage\",\"@id\":\"https:\/\/update.thefox.pl\/fr\/10-raisons-dinvestir-dans-limmobilier-en-pologne\/#webpage\",\"url\":\"https:\/\/update.thefox.pl\/fr\/10-raisons-dinvestir-dans-limmobilier-en-pologne\/\",\"name\":\"10 raisons d'investir dans l'immobilier en Pologne - Fox Property Investment Group\",\"isPartOf\":{\"@id\":\"https:\/\/update.thefox.pl\/#website\"},\"primaryImageOfPage\":{\"@id\":\"https:\/\/update.thefox.pl\/fr\/10-raisons-dinvestir-dans-limmobilier-en-pologne\/#primaryimage\"},\"datePublished\":\"2016-08-16T22:38:42+00:00\",\"dateModified\":\"2019-11-14T12:48:24+00:00\",\"description\":\"Vous souhaitez investir dans l'immobilier en Pologne? La Pologne offre de nombreux avantages pour les personnes qui investissent dans l'immobilier notamment avec une imposition faible, la protection du propri\\u00e9taire dans la locatif, des frais de notaire pour l'achat d\\u2019un bien neuf \\u00e0 1 %. Et bien plus!\",\"inLanguage\":\"fr-FR\",\"potentialAction\":[{\"@type\":\"ReadAction\",\"target\":[\"https:\/\/update.thefox.pl\/fr\/10-raisons-dinvestir-dans-limmobilier-en-pologne\/\"]}]}]}<\/script>\n<!-- \/ Yoast SEO plugin. -->","_links":{"self":[{"href":"https:\/\/update.thefox.pl\/fr\/wp-json\/wp\/v2\/pages\/22462"}],"collection":[{"href":"https:\/\/update.thefox.pl\/fr\/wp-json\/wp\/v2\/pages"}],"about":[{"href":"https:\/\/update.thefox.pl\/fr\/wp-json\/wp\/v2\/types\/page"}],"author":[{"embeddable":true,"href":"https:\/\/update.thefox.pl\/fr\/wp-json\/wp\/v2\/users\/1"}],"replies":[{"embeddable":true,"href":"https:\/\/update.thefox.pl\/fr\/wp-json\/wp\/v2\/comments?post=22462"}],"version-history":[{"count":44,"href":"https:\/\/update.thefox.pl\/fr\/wp-json\/wp\/v2\/pages\/22462\/revisions"}],"predecessor-version":[{"id":22659,"href":"https:\/\/update.thefox.pl\/fr\/wp-json\/wp\/v2\/pages\/22462\/revisions\/22659"}],"wp:featuredmedia":[{"embeddable":true,"href":"https:\/\/update.thefox.pl\/fr\/wp-json\/wp\/v2\/media\/22518"}],"wp:attachment":[{"href":"https:\/\/update.thefox.pl\/fr\/wp-json\/wp\/v2\/media?parent=22462"}],"curies":[{"name":"wp","href":"https:\/\/api.w.org\/{rel}","templated":true}]}}