{"id":19455,"date":"2016-08-09T19:35:27","date_gmt":"2016-08-09T17:35:27","guid":{"rendered":"https:\/\/update.thefox.pl\/?page_id=19455&#038;lang=fr"},"modified":"2019-07-29T18:55:29","modified_gmt":"2019-07-29T16:55:29","slug":"nous-contacter","status":"publish","type":"page","link":"https:\/\/update.thefox.pl\/fr\/nous-contacter\/","title":{"rendered":"Nous contacter"},"content":{"rendered":"<p>[vc_row][vc_column][ultimate_heading main_heading=&#8221;Nous contacter&#8221; margin_design_tab_text=&#8221;&#8221; main_heading_margin=&#8221;margin-top:20px;margin-bottom:20px;&#8221;][\/ultimate_heading][\/vc_column][\/vc_row][vc_row][vc_column width=&#8221;1\/2&#8243;][vc_column_text]<\/p>\n<h3>Contact<\/h3>\n<p>Question, commentaires ? Notre formulaire de contact est le meilleur moyen d&#8217;entrer en contact avec l&#8217;un de nos conseillers immobilier \u00e0 Fox Property Investment Group<\/p>\n<h3>rentflatPOLAND<\/h3>\n<p>kontakt@update.thefox.pl<br \/>\nTel:<br \/>\n+48 664 937 338<br \/>\n+48 600 608 735<\/p>\n<h3>Bureau<\/h3>\n<p>ul. Koszykowa 49a local 17,<br \/>\n00-659 Varsovie, Poland<br \/>\nTel:<br \/>\n+48 664 937 338<br \/>\n+48 600 608 735<\/p>\n<h3>Si\u00e8ge social<\/h3>\n<p style=\"text-align: left;\">ul. Stawowa 21<br \/>\n91-358 \u0141\u00f3d\u017a, Poland<\/p>\n<p>Tel:<br \/>\n+48 664 937 338<br \/>\n+48 600 608 735[\/vc_column_text][\/vc_column][vc_column width=&#8221;1\/2&#8243;][vc_column_text]<div role=\"form\" class=\"wpcf7\" id=\"wpcf7-f18668-o1\" lang=\"en-GB\" dir=\"ltr\">\n<div class=\"screen-reader-response\"><p role=\"status\" aria-live=\"polite\" aria-atomic=\"true\"><\/p> <ul><\/ul><\/div>\n<form action=\"\/fr\/wp-json\/wp\/v2\/pages\/19455#wpcf7-f18668-o1\" method=\"post\" class=\"wpcf7-form init\" novalidate=\"novalidate\" data-status=\"init\">\n<div style=\"display: none;\">\n<input type=\"hidden\" name=\"_wpcf7\" value=\"18668\" \/>\n<input type=\"hidden\" name=\"_wpcf7_version\" value=\"5.4\" \/>\n<input type=\"hidden\" name=\"_wpcf7_locale\" value=\"en_GB\" \/>\n<input type=\"hidden\" name=\"_wpcf7_unit_tag\" value=\"wpcf7-f18668-o1\" \/>\n<input type=\"hidden\" name=\"_wpcf7_container_post\" value=\"0\" \/>\n<input type=\"hidden\" name=\"_wpcf7_posted_data_hash\" value=\"\" \/>\n<\/div>\n<p>Your Name (required)<br \/>\n    <span class=\"wpcf7-form-control-wrap your-name\"><input type=\"text\" name=\"your-name\" value=\"\" size=\"40\" class=\"wpcf7-form-control wpcf7-text wpcf7-validates-as-required\" aria-required=\"true\" aria-invalid=\"false\" \/><\/span> <\/p>\n<p>Your Email (required)<br \/>\n    <span class=\"wpcf7-form-control-wrap your-email\"><input type=\"email\" name=\"your-email\" value=\"\" size=\"40\" class=\"wpcf7-form-control wpcf7-text wpcf7-email wpcf7-validates-as-required wpcf7-validates-as-email\" aria-required=\"true\" aria-invalid=\"false\" \/><\/span> <\/p>\n<p>Subject<br \/>\n    <span class=\"wpcf7-form-control-wrap your-subject\"><input type=\"text\" name=\"your-subject\" value=\"\" size=\"40\" class=\"wpcf7-form-control wpcf7-text\" aria-invalid=\"false\" \/><\/span> <\/p>\n<p>Your Message<br \/>\n    <span class=\"wpcf7-form-control-wrap your-message\"><textarea name=\"your-message\" cols=\"40\" rows=\"10\" class=\"wpcf7-form-control wpcf7-textarea\" aria-invalid=\"false\"><\/textarea><\/span> <\/p>\n<p><div id=\"cf7sr-69fb3eff955fe\" class=\"cf7sr-g-recaptcha\" data-sitekey=\"6LfCzJMUAAAAAD7VoJ-hL1FugV80cfDL8J7me5Ul\"><\/div><span class=\"wpcf7-form-control-wrap cf7sr-g-recaptcha-invalid\"><\/span><\/p>\n<p><input type=\"submit\" value=\"Send\" class=\"wpcf7-form-control wpcf7-submit\" \/><\/p>\n<div class=\"wpcf7-response-output\" aria-hidden=\"true\"><\/div><\/form><\/div>[\/vc_column_text][\/vc_column][\/vc_row][vc_row][vc_column][\/vc_column][\/vc_row]<\/p>\n","protected":false},"excerpt":{"rendered":"<p>[vc_row][vc_column][ultimate_heading main_heading=&#8221;Nous contacter&#8221; margin_design_tab_text=&#8221;&#8221; main_heading_margin=&#8221;margin-top:20px;margin-bottom:20px;&#8221;][\/ultimate_heading][\/vc_column][\/vc_row][vc_row][vc_column width=&#8221;1\/2&#8243;][vc_column_text] Contact Question, commentaires ? Notre formulaire de contact est le meilleur moyen d&#8217;entrer en contact avec l&#8217;un de nos conseillers immobilier \u00e0 Fox Property Investment Group rentflatPOLAND kontakt@update.thefox.pl Tel: +48 664 937 338 +48 600 608 735 Bureau ul. Koszykowa 49a local 17, 00-659 Varsovie, Poland Tel: +48 664 [&hellip;]<\/p>\n","protected":false},"author":1,"featured_media":0,"parent":0,"menu_order":0,"comment_status":"closed","ping_status":"closed","template":"","meta":[],"yoast_head":"<!-- This site is optimized with the Yoast SEO plugin v15.2.1 - https:\/\/yoast.com\/wordpress\/plugins\/seo\/ -->\n<title>Nous contacter - Fox Property Investment Group<\/title>\n<meta name=\"robots\" content=\"index, follow, max-snippet:-1, max-image-preview:large, max-video-preview:-1\" \/>\n<link rel=\"canonical\" href=\"https:\/\/update.thefox.pl\/fr\/nous-contacter\/\" \/>\n<meta property=\"og:locale\" content=\"fr_FR\" \/>\n<meta property=\"og:type\" content=\"article\" \/>\n<meta property=\"og:title\" content=\"Nous contacter - Fox Property Investment Group\" \/>\n<meta property=\"og:description\" content=\"[vc_row][vc_column][ultimate_heading main_heading=&#8221;Nous contacter&#8221; margin_design_tab_text=&#8221;&#8221; main_heading_margin=&#8221;margin-top:20px;margin-bottom:20px;&#8221;][\/ultimate_heading][\/vc_column][\/vc_row][vc_row][vc_column width=&#8221;1\/2&#8243;][vc_column_text] Contact Question, commentaires ? Notre formulaire de contact est le meilleur moyen d&#8217;entrer en contact avec l&#8217;un de nos conseillers immobilier \u00e0 Fox Property Investment Group rentflatPOLAND kontakt@update.thefox.pl Tel: +48 664 937 338 +48 600 608 735 Bureau ul. Koszykowa 49a local 17, 00-659 Varsovie, Poland Tel: +48 664 [&hellip;]\" \/>\n<meta property=\"og:url\" content=\"https:\/\/update.thefox.pl\/fr\/nous-contacter\/\" \/>\n<meta property=\"og:site_name\" content=\"Fox Property Investment Group\" \/>\n<meta property=\"article:modified_time\" content=\"2019-07-29T16:55:29+00:00\" \/>\n<meta name=\"twitter:card\" content=\"summary\" \/>\n<meta name=\"twitter:label1\" content=\"\u00c9crit par\">\n\t<meta name=\"twitter:data1\" content=\"Foxproperty\">\n\t<meta name=\"twitter:label2\" content=\"Dur\u00e9e de lecture est.\">\n\t<meta name=\"twitter:data2\" content=\"0 minute\">\n<script type=\"application\/ld+json\" class=\"yoast-schema-graph\">{\"@context\":\"https:\/\/schema.org\",\"@graph\":[{\"@type\":\"Organization\",\"@id\":\"https:\/\/update.thefox.pl\/#organization\",\"name\":\"Fox Property Investment Group\",\"url\":\"https:\/\/update.thefox.pl\/\",\"sameAs\":[],\"logo\":{\"@type\":\"ImageObject\",\"@id\":\"https:\/\/update.thefox.pl\/#logo\",\"inLanguage\":\"fr-FR\",\"url\":\"https:\/\/update.thefox.pl\/wp-content\/uploads\/2016\/05\/fox-property-investment-group-new.jpg\",\"width\":992,\"height\":340,\"caption\":\"Fox Property Investment Group\"},\"image\":{\"@id\":\"https:\/\/update.thefox.pl\/#logo\"}},{\"@type\":\"WebSite\",\"@id\":\"https:\/\/update.thefox.pl\/#website\",\"url\":\"https:\/\/update.thefox.pl\/\",\"name\":\"Fox Property Investment Group\",\"description\":\"\",\"publisher\":{\"@id\":\"https:\/\/update.thefox.pl\/#organization\"},\"potentialAction\":[{\"@type\":\"SearchAction\",\"target\":\"https:\/\/update.thefox.pl\/?s={search_term_string}\",\"query-input\":\"required name=search_term_string\"}],\"inLanguage\":\"fr-FR\"},{\"@type\":\"WebPage\",\"@id\":\"https:\/\/update.thefox.pl\/fr\/nous-contacter\/#webpage\",\"url\":\"https:\/\/update.thefox.pl\/fr\/nous-contacter\/\",\"name\":\"Nous contacter - Fox Property Investment Group\",\"isPartOf\":{\"@id\":\"https:\/\/update.thefox.pl\/#website\"},\"datePublished\":\"2016-08-09T17:35:27+00:00\",\"dateModified\":\"2019-07-29T16:55:29+00:00\",\"inLanguage\":\"fr-FR\",\"potentialAction\":[{\"@type\":\"ReadAction\",\"target\":[\"https:\/\/update.thefox.pl\/fr\/nous-contacter\/\"]}]}]}<\/script>\n<!-- \/ Yoast SEO plugin. -->","_links":{"self":[{"href":"https:\/\/update.thefox.pl\/fr\/wp-json\/wp\/v2\/pages\/19455"}],"collection":[{"href":"https:\/\/update.thefox.pl\/fr\/wp-json\/wp\/v2\/pages"}],"about":[{"href":"https:\/\/update.thefox.pl\/fr\/wp-json\/wp\/v2\/types\/page"}],"author":[{"embeddable":true,"href":"https:\/\/update.thefox.pl\/fr\/wp-json\/wp\/v2\/users\/1"}],"replies":[{"embeddable":true,"href":"https:\/\/update.thefox.pl\/fr\/wp-json\/wp\/v2\/comments?post=19455"}],"version-history":[{"count":3,"href":"https:\/\/update.thefox.pl\/fr\/wp-json\/wp\/v2\/pages\/19455\/revisions"}],"predecessor-version":[{"id":22632,"href":"https:\/\/update.thefox.pl\/fr\/wp-json\/wp\/v2\/pages\/19455\/revisions\/22632"}],"wp:attachment":[{"href":"https:\/\/update.thefox.pl\/fr\/wp-json\/wp\/v2\/media?parent=19455"}],"curies":[{"name":"wp","href":"https:\/\/api.w.org\/{rel}","templated":true}]}}